{"id":7032,"date":"2023-01-25T09:25:17","date_gmt":"2023-01-25T08:25:17","guid":{"rendered":"https:\/\/breex.be\/serveurs\/"},"modified":"2024-08-12T11:25:04","modified_gmt":"2024-08-12T09:25:04","slug":"serveurs","status":"publish","type":"page","link":"https:\/\/breex.be\/fr\/serveurs\/","title":{"rendered":"Serveurs"},"content":{"rendered":"\t\t<div data-elementor-type=\"wp-page\" data-elementor-id=\"7032\" class=\"elementor elementor-7032 elementor-4872\" data-elementor-post-type=\"page\">\n\t\t\t\t\t\t<section class=\"elementor-section elementor-top-section elementor-element elementor-element-546cd81d elementor-section-full_width elementor-section-height-default elementor-section-height-default\" data-id=\"546cd81d\" data-element_type=\"section\" data-settings=\"{&quot;jet_parallax_layout_list&quot;:[{&quot;jet_parallax_layout_image&quot;:{&quot;url&quot;:&quot;&quot;,&quot;id&quot;:&quot;&quot;,&quot;size&quot;:&quot;&quot;},&quot;_id&quot;:&quot;2453e65&quot;,&quot;jet_parallax_layout_image_tablet&quot;:{&quot;url&quot;:&quot;&quot;,&quot;id&quot;:&quot;&quot;,&quot;size&quot;:&quot;&quot;},&quot;jet_parallax_layout_image_mobile&quot;:{&quot;url&quot;:&quot;&quot;,&quot;id&quot;:&quot;&quot;,&quot;size&quot;:&quot;&quot;},&quot;jet_parallax_layout_speed&quot;:{&quot;unit&quot;:&quot;%&quot;,&quot;size&quot;:50,&quot;sizes&quot;:[]},&quot;jet_parallax_layout_type&quot;:&quot;scroll&quot;,&quot;jet_parallax_layout_direction&quot;:&quot;1&quot;,&quot;jet_parallax_layout_fx_direction&quot;:null,&quot;jet_parallax_layout_z_index&quot;:&quot;&quot;,&quot;jet_parallax_layout_bg_x&quot;:50,&quot;jet_parallax_layout_bg_x_tablet&quot;:&quot;&quot;,&quot;jet_parallax_layout_bg_x_mobile&quot;:&quot;&quot;,&quot;jet_parallax_layout_bg_y&quot;:50,&quot;jet_parallax_layout_bg_y_tablet&quot;:&quot;&quot;,&quot;jet_parallax_layout_bg_y_mobile&quot;:&quot;&quot;,&quot;jet_parallax_layout_bg_size&quot;:&quot;auto&quot;,&quot;jet_parallax_layout_bg_size_tablet&quot;:&quot;&quot;,&quot;jet_parallax_layout_bg_size_mobile&quot;:&quot;&quot;,&quot;jet_parallax_layout_animation_prop&quot;:&quot;transform&quot;,&quot;jet_parallax_layout_on&quot;:[&quot;desktop&quot;,&quot;tablet&quot;]}],&quot;background_background&quot;:&quot;classic&quot;}\">\n\t\t\t\t\t\t\t<div class=\"elementor-background-overlay\"><\/div>\n\t\t\t\t\t\t\t<div class=\"elementor-container elementor-column-gap-default\">\n\t\t\t\t\t<div class=\"elementor-column elementor-col-33 elementor-top-column elementor-element elementor-element-32367751 elementor-hidden-mobile\" data-id=\"32367751\" data-element_type=\"column\">\n\t\t\t<div class=\"elementor-widget-wrap elementor-element-populated\">\n\t\t\t\t\t\t<div class=\"elementor-element elementor-element-65f57b7e elementor-align-center elementor-icon-list--layout-traditional elementor-list-item-link-full_width elementor-widget elementor-widget-icon-list\" data-id=\"65f57b7e\" data-element_type=\"widget\" data-widget_type=\"icon-list.default\">\n\t\t\t\t<div class=\"elementor-widget-container\">\n\t\t\t\t\t\t\t<ul class=\"elementor-icon-list-items\">\n\t\t\t\t\t\t\t<li class=\"elementor-icon-list-item\">\n\t\t\t\t\t\t\t\t\t\t\t<a href=\"https:\/\/www.linkedin.com\/company\/breex\/\" target=\"_blank\" rel=\"noopener\">\n\n\t\t\t\t\t\t\t\t\t\t\t\t<span class=\"elementor-icon-list-icon\">\n\t\t\t\t\t\t\t<i aria-hidden=\"true\" class=\"fab fa-linkedin-in\"><\/i>\t\t\t\t\t\t<\/span>\n\t\t\t\t\t\t\t\t\t\t<span class=\"elementor-icon-list-text\"><\/span>\n\t\t\t\t\t\t\t\t\t\t\t<\/a>\n\t\t\t\t\t\t\t\t\t<\/li>\n\t\t\t\t\t\t\t\t<li class=\"elementor-icon-list-item\">\n\t\t\t\t\t\t\t\t\t\t\t<a href=\"https:\/\/www.facebook.com\/breexgroup\" target=\"_blank\" rel=\"noopener\">\n\n\t\t\t\t\t\t\t\t\t\t\t\t<span class=\"elementor-icon-list-icon\">\n\t\t\t\t\t\t\t<i aria-hidden=\"true\" class=\"fab fa-facebook-f\"><\/i>\t\t\t\t\t\t<\/span>\n\t\t\t\t\t\t\t\t\t\t<span class=\"elementor-icon-list-text\"><\/span>\n\t\t\t\t\t\t\t\t\t\t\t<\/a>\n\t\t\t\t\t\t\t\t\t<\/li>\n\t\t\t\t\t\t\t\t<li class=\"elementor-icon-list-item\">\n\t\t\t\t\t\t\t\t\t\t\t<a href=\"https:\/\/instagram.com\/breexgroup\/\" target=\"_blank\" rel=\"noopener\">\n\n\t\t\t\t\t\t\t\t\t\t\t\t<span class=\"elementor-icon-list-icon\">\n\t\t\t\t\t\t\t<i aria-hidden=\"true\" class=\"fab fa-instagram\"><\/i>\t\t\t\t\t\t<\/span>\n\t\t\t\t\t\t\t\t\t\t<span class=\"elementor-icon-list-text\"><\/span>\n\t\t\t\t\t\t\t\t\t\t\t<\/a>\n\t\t\t\t\t\t\t\t\t<\/li>\n\t\t\t\t\t\t<\/ul>\n\t\t\t\t\t\t<\/div>\n\t\t\t\t<\/div>\n\t\t\t\t\t<\/div>\n\t\t<\/div>\n\t\t\t\t<div class=\"elementor-column elementor-col-33 elementor-top-column elementor-element elementor-element-6e27891e\" data-id=\"6e27891e\" data-element_type=\"column\">\n\t\t\t<div class=\"elementor-widget-wrap elementor-element-populated\">\n\t\t\t\t\t\t<div class=\"elementor-element elementor-element-3c56e323 elementor-widget__width-initial elementor-invisible elementor-widget elementor-widget-heading\" data-id=\"3c56e323\" data-element_type=\"widget\" data-settings=\"{&quot;_animation&quot;:&quot;fadeInUp&quot;}\" data-widget_type=\"heading.default\">\n\t\t\t\t<div class=\"elementor-widget-container\">\n\t\t\t\t\t<h1 class=\"elementor-heading-title elementor-size-default\">Des serveurs adapt\u00e9s \u00e0 votre activit\u00e9<\/h1>\t\t\t\t<\/div>\n\t\t\t\t<\/div>\n\t\t\t\t<div class=\"elementor-element elementor-element-e3774bb elementor-widget-divider--view-line elementor-invisible elementor-widget elementor-widget-divider\" data-id=\"e3774bb\" data-element_type=\"widget\" data-settings=\"{&quot;_animation&quot;:&quot;fadeInUp&quot;,&quot;_animation_delay&quot;:200}\" data-widget_type=\"divider.default\">\n\t\t\t\t<div class=\"elementor-widget-container\">\n\t\t\t\t\t\t\t<div class=\"elementor-divider\">\n\t\t\t<span class=\"elementor-divider-separator\">\n\t\t\t\t\t\t<\/span>\n\t\t<\/div>\n\t\t\t\t\t\t<\/div>\n\t\t\t\t<\/div>\n\t\t\t\t<div class=\"elementor-element elementor-element-4eff2769 elementor-widget__width-initial elementor-invisible elementor-widget elementor-widget-text-editor\" data-id=\"4eff2769\" data-element_type=\"widget\" data-settings=\"{&quot;_animation&quot;:&quot;fadeInUp&quot;,&quot;_animation_delay&quot;:400}\" data-widget_type=\"text-editor.default\">\n\t\t\t\t<div class=\"elementor-widget-container\">\n\t\t\t\t\t\t\t\t\t<p>Faites des <strong>sauvegardes<\/strong> de vos sites web, factures, photos et autres donn\u00e9es commerciales importantes.<\/p>\n\t\t\t\t\t\t\t\t<\/div>\n\t\t\t\t<\/div>\n\t\t\t\t\t<\/div>\n\t\t<\/div>\n\t\t\t\t<div class=\"elementor-column elementor-col-33 elementor-top-column elementor-element elementor-element-14b80155\" data-id=\"14b80155\" data-element_type=\"column\">\n\t\t\t<div class=\"elementor-widget-wrap\">\n\t\t\t\t\t\t\t<\/div>\n\t\t<\/div>\n\t\t\t\t\t<\/div>\n\t\t<\/section>\n\t\t\t\t<section class=\"elementor-section elementor-top-section elementor-element elementor-element-bbf97e2 elementor-section-boxed elementor-section-height-default elementor-section-height-default\" data-id=\"bbf97e2\" data-element_type=\"section\" data-settings=\"{&quot;background_background&quot;:&quot;classic&quot;,&quot;jet_parallax_layout_list&quot;:[{&quot;jet_parallax_layout_image&quot;:{&quot;url&quot;:&quot;&quot;,&quot;id&quot;:&quot;&quot;,&quot;size&quot;:&quot;&quot;},&quot;_id&quot;:&quot;d0b5ef1&quot;,&quot;jet_parallax_layout_image_tablet&quot;:{&quot;url&quot;:&quot;&quot;,&quot;id&quot;:&quot;&quot;,&quot;size&quot;:&quot;&quot;},&quot;jet_parallax_layout_image_mobile&quot;:{&quot;url&quot;:&quot;&quot;,&quot;id&quot;:&quot;&quot;,&quot;size&quot;:&quot;&quot;},&quot;jet_parallax_layout_speed&quot;:{&quot;unit&quot;:&quot;%&quot;,&quot;size&quot;:50,&quot;sizes&quot;:[]},&quot;jet_parallax_layout_type&quot;:&quot;scroll&quot;,&quot;jet_parallax_layout_direction&quot;:&quot;1&quot;,&quot;jet_parallax_layout_fx_direction&quot;:null,&quot;jet_parallax_layout_z_index&quot;:&quot;&quot;,&quot;jet_parallax_layout_bg_x&quot;:50,&quot;jet_parallax_layout_bg_x_tablet&quot;:&quot;&quot;,&quot;jet_parallax_layout_bg_x_mobile&quot;:&quot;&quot;,&quot;jet_parallax_layout_bg_y&quot;:50,&quot;jet_parallax_layout_bg_y_tablet&quot;:&quot;&quot;,&quot;jet_parallax_layout_bg_y_mobile&quot;:&quot;&quot;,&quot;jet_parallax_layout_bg_size&quot;:&quot;auto&quot;,&quot;jet_parallax_layout_bg_size_tablet&quot;:&quot;&quot;,&quot;jet_parallax_layout_bg_size_mobile&quot;:&quot;&quot;,&quot;jet_parallax_layout_animation_prop&quot;:&quot;transform&quot;,&quot;jet_parallax_layout_on&quot;:[&quot;desktop&quot;,&quot;tablet&quot;]}]}\">\n\t\t\t\t\t\t<div class=\"elementor-container elementor-column-gap-default\">\n\t\t\t\t\t<div class=\"elementor-column elementor-col-100 elementor-top-column elementor-element elementor-element-8f2ebc4\" data-id=\"8f2ebc4\" data-element_type=\"column\">\n\t\t\t<div class=\"elementor-widget-wrap elementor-element-populated\">\n\t\t\t\t\t\t<div class=\"elementor-element elementor-element-1e89bec elementor-align-center elementor-icon-list--layout-inline elementor-mobile-align-center elementor-list-item-link-full_width elementor-widget elementor-widget-icon-list\" data-id=\"1e89bec\" data-element_type=\"widget\" data-widget_type=\"icon-list.default\">\n\t\t\t\t<div class=\"elementor-widget-container\">\n\t\t\t\t\t\t\t<ul class=\"elementor-icon-list-items elementor-inline-items\">\n\t\t\t\t\t\t\t<li class=\"elementor-icon-list-item elementor-inline-item\">\n\t\t\t\t\t\t\t\t\t\t\t<a href=\"tel:003278077066\" target=\"_blank\">\n\n\t\t\t\t\t\t\t\t\t\t\t\t<span class=\"elementor-icon-list-icon\">\n\t\t\t\t\t\t\t<i aria-hidden=\"true\" class=\"fas fa-phone-alt\"><\/i>\t\t\t\t\t\t<\/span>\n\t\t\t\t\t\t\t\t\t\t<span class=\"elementor-icon-list-text\">078 077 066<\/span>\n\t\t\t\t\t\t\t\t\t\t\t<\/a>\n\t\t\t\t\t\t\t\t\t<\/li>\n\t\t\t\t\t\t\t\t<li class=\"elementor-icon-list-item elementor-inline-item\">\n\t\t\t\t\t\t\t\t\t\t\t<a href=\"mailto:info@breex.be\" target=\"_blank\">\n\n\t\t\t\t\t\t\t\t\t\t\t\t<span class=\"elementor-icon-list-icon\">\n\t\t\t\t\t\t\t<i aria-hidden=\"true\" class=\"fab fa-telegram-plane\"><\/i>\t\t\t\t\t\t<\/span>\n\t\t\t\t\t\t\t\t\t\t<span class=\"elementor-icon-list-text\">info@breex.be<\/span>\n\t\t\t\t\t\t\t\t\t\t\t<\/a>\n\t\t\t\t\t\t\t\t\t<\/li>\n\t\t\t\t\t\t<\/ul>\n\t\t\t\t\t\t<\/div>\n\t\t\t\t<\/div>\n\t\t\t\t\t<\/div>\n\t\t<\/div>\n\t\t\t\t\t<\/div>\n\t\t<\/section>\n\t\t\t\t<section class=\"elementor-section elementor-top-section elementor-element elementor-element-7f3b12da elementor-section-boxed elementor-section-height-default elementor-section-height-default\" data-id=\"7f3b12da\" data-element_type=\"section\" data-settings=\"{&quot;jet_parallax_layout_list&quot;:[]}\">\n\t\t\t\t\t\t<div class=\"elementor-container elementor-column-gap-default\">\n\t\t\t\t\t<div class=\"elementor-column elementor-col-100 elementor-top-column elementor-element elementor-element-596548d4\" data-id=\"596548d4\" data-element_type=\"column\">\n\t\t\t<div class=\"elementor-widget-wrap elementor-element-populated\">\n\t\t\t\t\t\t<div class=\"elementor-element elementor-element-4df91e95 elementor-widget elementor-widget-heading\" data-id=\"4df91e95\" data-element_type=\"widget\" data-widget_type=\"heading.default\">\n\t\t\t\t<div class=\"elementor-widget-container\">\n\t\t\t\t\t<h2 class=\"elementor-heading-title elementor-size-default\">Notre offre<\/h2>\t\t\t\t<\/div>\n\t\t\t\t<\/div>\n\t\t\t\t<div class=\"elementor-element elementor-element-2eee65a2 elementor-widget elementor-widget-tp-gallery-listout\" data-id=\"2eee65a2\" data-element_type=\"widget\" data-widget_type=\"tp-gallery-listout.default\">\n\t\t\t\t<div class=\"elementor-widget-container\">\n\t\t\t\t\t<div id=\"pt-plus-gallery-list\" class=\"gallery-list post69e11340d43fd  list-isotope  gallery-style-4 hover-image-style-1  \"  data-layout-type=\"masonry\"   data-id=\"post69e11340d43fd\" data-style=\"style-4\"   dir= data-enable-isotope=\"1\"><div id=\"post69e11340d43fd\" class=\"tp-row post-inner-loop post69e11340d43fd\"><div class=\"grid-item metro-item0 tp-col-lg-3 tp-col-md-6 tp-col-sm-6 tp-col-6    \"  ><div>\n\t<div class=\"gallery-list-content\">\n\t\t<div class=\"post-content-image\">\n\t\t\t\t\t\t<a href=\"https:\/\/breex.be\/fr\/brx-n9001\/\">\n<div class=\"gallery-image\">\n\t<span class=\"thumb-wrap\">\n\t\t<img fetchpriority=\"high\" decoding=\"async\" width=\"1024\" height=\"1024\" src=\"https:\/\/breex.be\/wp-content\/uploads\/2023\/01\/BRX-N9001-F.jpg\" class=\"attachment-full size-full\" alt=\"BRX N9001 F\" srcset=\"https:\/\/breex.be\/wp-content\/uploads\/2023\/01\/BRX-N9001-F.jpg 1024w, https:\/\/breex.be\/wp-content\/uploads\/2023\/01\/BRX-N9001-F-300x300.jpg 300w, https:\/\/breex.be\/wp-content\/uploads\/2023\/01\/BRX-N9001-F-150x150.jpg 150w, https:\/\/breex.be\/wp-content\/uploads\/2023\/01\/BRX-N9001-F-768x768.jpg 768w, https:\/\/breex.be\/wp-content\/uploads\/2023\/01\/BRX-N9001-F-700x700.jpg 700w\" sizes=\"(max-width: 1024px) 100vw, 1024px\" title=\"\">\t<\/span>\n<\/div>\n<\/a>\n\t\t\t\t\t\t\n\t\t\t\t\t<div class=\"bottom-effects\"><\/div>\n\t<\/div>\n\t\t\t<div class=\"post-content-center\">\n\t\t<div class=\"post-hover-content\">\n\t\t\t\n<h3 class=\"post-title\">\n\t\n\t\t\t\t<a href=\"https:\/\/breex.be\/fr\/brx-n9001\/\">BRX N9001<\/a>\n\t\t\t\n<\/h3>\n<a href=\"https:\/\/breex.be\/fr\/brx-n9001\/\" class=\"gallery-btn-link\">PLUS D&#039;INFOS\t<\/a>\t\t<\/div>\n\t<\/div>\n\t<\/div>\n<\/div>\n<\/div><div class=\"grid-item metro-item0 tp-col-lg-3 tp-col-md-6 tp-col-sm-6 tp-col-6    \"  ><div>\n\t<div class=\"gallery-list-content\">\n\t\t<div class=\"post-content-image\">\n\t\t\t\t\t\t<a href=\"https:\/\/breex.be\/fr\/brx-n9002\/\">\n<div class=\"gallery-image\">\n\t<span class=\"thumb-wrap\">\n\t\t<img decoding=\"async\" width=\"1024\" height=\"1024\" src=\"https:\/\/breex.be\/wp-content\/uploads\/2023\/01\/bx220-front.png\" class=\"attachment-full size-full\" alt=\"bx220 front\" srcset=\"https:\/\/breex.be\/wp-content\/uploads\/2023\/01\/bx220-front.png 1024w, https:\/\/breex.be\/wp-content\/uploads\/2023\/01\/bx220-front-300x300.png 300w, https:\/\/breex.be\/wp-content\/uploads\/2023\/01\/bx220-front-150x150.png 150w, https:\/\/breex.be\/wp-content\/uploads\/2023\/01\/bx220-front-768x768.png 768w, https:\/\/breex.be\/wp-content\/uploads\/2023\/01\/bx220-front-700x700.png 700w\" sizes=\"(max-width: 1024px) 100vw, 1024px\" title=\"\">\t<\/span>\n<\/div>\n<\/a>\n\t\t\t\t\t\t\n\t\t\t\t\t<div class=\"bottom-effects\"><\/div>\n\t<\/div>\n\t\t\t<div class=\"post-content-center\">\n\t\t<div class=\"post-hover-content\">\n\t\t\t\n<h3 class=\"post-title\">\n\t\n\t\t\t\t<a href=\"https:\/\/breex.be\/fr\/brx-n9002\/\">BRX N9002<\/a>\n\t\t\t\n<\/h3>\n<a href=\"https:\/\/breex.be\/fr\/brx-n9002\/\" class=\"gallery-btn-link\">PLUS D&#039;INFOS\t<\/a>\t\t<\/div>\n\t<\/div>\n\t<\/div>\n<\/div>\n<\/div><div class=\"grid-item metro-item0 tp-col-lg-3 tp-col-md-6 tp-col-sm-6 tp-col-6    \"  ><div>\n\t<div class=\"gallery-list-content\">\n\t\t<div class=\"post-content-image\">\n\t\t\t\t\t\t<a href=\"https:\/\/breex.be\/fr\/brx-n9502\/\">\n<div class=\"gallery-image\">\n\t<span class=\"thumb-wrap\">\n\t\t<img decoding=\"async\" width=\"1024\" height=\"1024\" src=\"https:\/\/breex.be\/wp-content\/uploads\/2023\/01\/BRX-N9502-F.jpg\" class=\"attachment-full size-full\" alt=\"BRX N9502 F\" srcset=\"https:\/\/breex.be\/wp-content\/uploads\/2023\/01\/BRX-N9502-F.jpg 1024w, https:\/\/breex.be\/wp-content\/uploads\/2023\/01\/BRX-N9502-F-300x300.jpg 300w, https:\/\/breex.be\/wp-content\/uploads\/2023\/01\/BRX-N9502-F-150x150.jpg 150w, https:\/\/breex.be\/wp-content\/uploads\/2023\/01\/BRX-N9502-F-768x768.jpg 768w, https:\/\/breex.be\/wp-content\/uploads\/2023\/01\/BRX-N9502-F-700x700.jpg 700w\" sizes=\"(max-width: 1024px) 100vw, 1024px\" title=\"\">\t<\/span>\n<\/div>\n<\/a>\n\t\t\t\t\t\t\n\t\t\t\t\t<div class=\"bottom-effects\"><\/div>\n\t<\/div>\n\t\t\t<div class=\"post-content-center\">\n\t\t<div class=\"post-hover-content\">\n\t\t\t\n<h3 class=\"post-title\">\n\t\n\t\t\t\t<a href=\"https:\/\/breex.be\/fr\/brx-n9502\/\">BRX N9502<\/a>\n\t\t\t\n<\/h3>\n<a href=\"https:\/\/breex.be\/fr\/brx-n9502\/\" class=\"gallery-btn-link\">PLUS D&#039;INFOS\t<\/a>\t\t<\/div>\n\t<\/div>\n\t<\/div>\n<\/div>\n<\/div><div class=\"grid-item metro-item0 tp-col-lg-3 tp-col-md-6 tp-col-sm-6 tp-col-6    \"  ><div>\n\t<div class=\"gallery-list-content\">\n\t\t<div class=\"post-content-image\">\n\t\t\t\t\t\t<a href=\"https:\/\/breex.be\/fr\/brx-n9504\/\">\n<div class=\"gallery-image\">\n\t<span class=\"thumb-wrap\">\n\t\t<img loading=\"lazy\" decoding=\"async\" width=\"1024\" height=\"1024\" src=\"https:\/\/breex.be\/wp-content\/uploads\/2023\/01\/DS420_front.png\" class=\"attachment-full size-full\" alt=\"DS420 front\" srcset=\"https:\/\/breex.be\/wp-content\/uploads\/2023\/01\/DS420_front.png 1024w, https:\/\/breex.be\/wp-content\/uploads\/2023\/01\/DS420_front-300x300.png 300w, https:\/\/breex.be\/wp-content\/uploads\/2023\/01\/DS420_front-150x150.png 150w, https:\/\/breex.be\/wp-content\/uploads\/2023\/01\/DS420_front-768x768.png 768w, https:\/\/breex.be\/wp-content\/uploads\/2023\/01\/DS420_front-700x700.png 700w\" sizes=\"(max-width: 1024px) 100vw, 1024px\" title=\"\">\t<\/span>\n<\/div>\n<\/a>\n\t\t\t\t\t\t\n\t\t\t\t\t<div class=\"bottom-effects\"><\/div>\n\t<\/div>\n\t\t\t<div class=\"post-content-center\">\n\t\t<div class=\"post-hover-content\">\n\t\t\t\n<h3 class=\"post-title\">\n\t\n\t\t\t\t<a href=\"https:\/\/breex.be\/fr\/brx-n9504\/\">BRX N9504<\/a>\n\t\t\t\n<\/h3>\n<a href=\"https:\/\/breex.be\/fr\/brx-n9504\/\" class=\"gallery-btn-link\">PLUS D&#039;INFOS\t<\/a>\t\t<\/div>\n\t<\/div>\n\t<\/div>\n<\/div>\n<\/div><\/div><\/div>\t\t\t\t<\/div>\n\t\t\t\t<\/div>\n\t\t\t\t\t<\/div>\n\t\t<\/div>\n\t\t\t\t\t<\/div>\n\t\t<\/section>\n\t\t\t\t<section class=\"elementor-section elementor-top-section elementor-element elementor-element-eaef634 elementor-section-height-min-height elementor-section-items-stretch elementor-reverse-mobile elementor-section-boxed elementor-section-height-default\" data-id=\"eaef634\" data-element_type=\"section\" data-settings=\"{&quot;background_background&quot;:&quot;classic&quot;,&quot;jet_parallax_layout_list&quot;:[]}\">\n\t\t\t\t\t\t<div class=\"elementor-container elementor-column-gap-default\">\n\t\t\t\t\t<div class=\"elementor-column elementor-col-33 elementor-top-column elementor-element elementor-element-786045cf\" data-id=\"786045cf\" data-element_type=\"column\" data-settings=\"{&quot;background_background&quot;:&quot;classic&quot;}\">\n\t\t\t<div class=\"elementor-widget-wrap elementor-element-populated\">\n\t\t\t\t\t\t<div class=\"elementor-element elementor-element-3fb27a87 elementor-widget elementor-widget-spacer\" data-id=\"3fb27a87\" data-element_type=\"widget\" data-widget_type=\"spacer.default\">\n\t\t\t\t<div class=\"elementor-widget-container\">\n\t\t\t\t\t\t\t<div class=\"elementor-spacer\">\n\t\t\t<div class=\"elementor-spacer-inner\"><\/div>\n\t\t<\/div>\n\t\t\t\t\t\t<\/div>\n\t\t\t\t<\/div>\n\t\t\t\t\t<\/div>\n\t\t<\/div>\n\t\t\t\t<div class=\"elementor-column elementor-col-66 elementor-top-column elementor-element elementor-element-7c50c42f\" data-id=\"7c50c42f\" data-element_type=\"column\">\n\t\t\t<div class=\"elementor-widget-wrap elementor-element-populated\">\n\t\t\t\t\t\t<div class=\"elementor-element elementor-element-8ef73b3 elementor-widget elementor-widget-heading\" data-id=\"8ef73b3\" data-element_type=\"widget\" data-widget_type=\"heading.default\">\n\t\t\t\t<div class=\"elementor-widget-container\">\n\t\t\t\t\t<h2 class=\"elementor-heading-title elementor-size-default\">Soutien et conseils de A \u00e0 Z<\/h2>\t\t\t\t<\/div>\n\t\t\t\t<\/div>\n\t\t\t\t<section class=\"elementor-section elementor-inner-section elementor-element elementor-element-d92e5de elementor-section-content-top elementor-section-boxed elementor-section-height-default elementor-section-height-default\" data-id=\"d92e5de\" data-element_type=\"section\" data-settings=\"{&quot;jet_parallax_layout_list&quot;:[]}\">\n\t\t\t\t\t\t<div class=\"elementor-container elementor-column-gap-default\">\n\t\t\t\t\t<div class=\"elementor-column elementor-col-50 elementor-inner-column elementor-element elementor-element-76865d92\" data-id=\"76865d92\" data-element_type=\"column\">\n\t\t\t<div class=\"elementor-widget-wrap elementor-element-populated\">\n\t\t\t\t\t\t<div class=\"elementor-element elementor-element-351f6ebc elementor-widget elementor-widget-icon-box\" data-id=\"351f6ebc\" data-element_type=\"widget\" data-widget_type=\"icon-box.default\">\n\t\t\t\t<div class=\"elementor-widget-container\">\n\t\t\t\t\t\t\t<div class=\"elementor-icon-box-wrapper\">\n\n\t\t\t\n\t\t\t\t\t\t<div class=\"elementor-icon-box-content\">\n\n\t\t\t\t\t\t\t\t\t<h3 class=\"elementor-icon-box-title\">\n\t\t\t\t\t\t<span  >\n\t\t\t\t\t\t\tL'achat et le leasing\t\t\t\t\t\t<\/span>\n\t\t\t\t\t<\/h3>\n\t\t\t\t\n\t\t\t\t\t\t\t\t\t<p class=\"elementor-icon-box-description\">\n\t\t\t\t\t\tVous avez l'impression que la location de votre imprimante tout-en-un est beaucoup plus ch\u00e8re que pr\u00e9vu ? Et cela inclut-il les co\u00fbteux toners ou cartouches ? R\u00e9servez une consultation et d\u00e9couvrez combien vous pouvez \u00e9conomiser !\t\t\t\t\t<\/p>\n\t\t\t\t\n\t\t\t<\/div>\n\t\t\t\n\t\t<\/div>\n\t\t\t\t\t\t<\/div>\n\t\t\t\t<\/div>\n\t\t\t\t\t<\/div>\n\t\t<\/div>\n\t\t\t\t<div class=\"elementor-column elementor-col-50 elementor-inner-column elementor-element elementor-element-386980f8\" data-id=\"386980f8\" data-element_type=\"column\">\n\t\t\t<div class=\"elementor-widget-wrap elementor-element-populated\">\n\t\t\t\t\t\t<div class=\"elementor-element elementor-element-517b58a3 elementor-widget elementor-widget-icon-box\" data-id=\"517b58a3\" data-element_type=\"widget\" data-widget_type=\"icon-box.default\">\n\t\t\t\t<div class=\"elementor-widget-container\">\n\t\t\t\t\t\t\t<div class=\"elementor-icon-box-wrapper\">\n\n\t\t\t\n\t\t\t\t\t\t<div class=\"elementor-icon-box-content\">\n\n\t\t\t\t\t\t\t\t\t<h3 class=\"elementor-icon-box-title\">\n\t\t\t\t\t\t<span  >\n\t\t\t\t\t\t\tSoutien interne\t\t\t\t\t\t<\/span>\n\t\t\t\t\t<\/h3>\n\t\t\t\t\n\t\t\t\t\t\t\t\t\t<p class=\"elementor-icon-box-description\">\n\t\t\t\t\t\tVous souhaitez reconnecter votre imprimante apr\u00e8s un d\u00e9m\u00e9nagement ou obtenir de l'aide en cas d'interruption technique ? Nos techniciens et agents d'assistance internes sont pr\u00eats \u00e0 vous aider sur place ou \u00e0 distance !\t\t\t\t\t<\/p>\n\t\t\t\t\n\t\t\t<\/div>\n\t\t\t\n\t\t<\/div>\n\t\t\t\t\t\t<\/div>\n\t\t\t\t<\/div>\n\t\t\t\t\t<\/div>\n\t\t<\/div>\n\t\t\t\t\t<\/div>\n\t\t<\/section>\n\t\t\t\t\t<\/div>\n\t\t<\/div>\n\t\t\t\t\t<\/div>\n\t\t<\/section>\n\t\t\t\t<\/div>\n\t\t","protected":false},"excerpt":{"rendered":"<p>Des serveurs adapt\u00e9s \u00e0 votre activit\u00e9 Faites des sauvegardes de vos sites web, factures, photos et autres donn\u00e9es commerciales importantes. 078 077 066 info@breex.be Notre offre BRX N9001 PLUS D&#039;INFOS BRX N9002 PLUS D&#039;INFOS BRX N9502 PLUS D&#039;INFOS BRX N9504 PLUS D&#039;INFOS Soutien et conseils de A \u00e0 Z L&rsquo;achat et le leasing Vous avez [&hellip;]<\/p>\n","protected":false},"author":1,"featured_media":0,"parent":0,"menu_order":0,"comment_status":"closed","ping_status":"closed","template":"","meta":{"_acf_changed":false,"footnotes":""},"class_list":["post-7032","page","type-page","status-publish","hentry"],"acf":[],"_links":{"self":[{"href":"https:\/\/breex.be\/fr\/wp-json\/wp\/v2\/pages\/7032","targetHints":{"allow":["GET"]}}],"collection":[{"href":"https:\/\/breex.be\/fr\/wp-json\/wp\/v2\/pages"}],"about":[{"href":"https:\/\/breex.be\/fr\/wp-json\/wp\/v2\/types\/page"}],"author":[{"embeddable":true,"href":"https:\/\/breex.be\/fr\/wp-json\/wp\/v2\/users\/1"}],"replies":[{"embeddable":true,"href":"https:\/\/breex.be\/fr\/wp-json\/wp\/v2\/comments?post=7032"}],"version-history":[{"count":5,"href":"https:\/\/breex.be\/fr\/wp-json\/wp\/v2\/pages\/7032\/revisions"}],"predecessor-version":[{"id":13548,"href":"https:\/\/breex.be\/fr\/wp-json\/wp\/v2\/pages\/7032\/revisions\/13548"}],"wp:attachment":[{"href":"https:\/\/breex.be\/fr\/wp-json\/wp\/v2\/media?parent=7032"}],"curies":[{"name":"wp","href":"https:\/\/api.w.org\/{rel}","templated":true}]}}